{"id":15,"date":"2018-09-13T12:48:34","date_gmt":"2018-09-13T12:48:34","guid":{"rendered":"http:\/\/gasthaus-steinbeck.de\/?page_id=15"},"modified":"2025-05-06T07:40:25","modified_gmt":"2025-05-06T07:40:25","slug":"impressum","status":"publish","type":"page","link":"https:\/\/gasthaus-steinbeck.de\/?page_id=15","title":{"rendered":"Impressum"},"content":{"rendered":"<p>Impressum<\/p>\n<p>Gasthaus Biergarten Steinbeck<br \/>\nStefan Steinbeck<br \/>\nUferstra\u00dfe 8<br \/>\n93309 Kelheim \/ Stausacker<br \/>\nTelefon: 09441 9681<\/p>\n<p>E-Mail: info@gasthaus-steinbeck.de<br \/>\nInternet: https:\/\/gasthaus-steinbeck.de<\/p>\n<p>Umsatzsteuer-Identifikationsnummer gem\u00e4\u00df \u00a7 27a Umsatzsteuergesetz: 264891411<\/p>\n<p>Haftungshinweis:<br \/>\nTrotz sorgf\u00e4ltiger inhaltlicher Kontrolle \u00fcbernehmen wir keine Haftung f\u00fcr die Inhalte externer Links. F\u00fcr den Inhalt der verlinkten Seiten sind ausschlie\u00dflich deren Betreiber verantwortlich.<\/p>\n","protected":false},"excerpt":{"rendered":"<p>Impressum Gasthaus Biergarten Steinbeck Stefan Steinbeck Uferstra\u00dfe 8 93309 Kelheim \/ Stausacker Telefon: 09441 9681 E-Mail: info@gasthaus-steinbeck.de Internet: https:\/\/gasthaus-steinbeck.de Umsatzsteuer-Identifikationsnummer gem\u00e4\u00df \u00a7 27a Umsatzsteuergesetz: 264891411 Haftungshinweis: Trotz sorgf\u00e4ltiger inhaltlicher Kontrolle \u00fcbernehmen wir keine Haftung f\u00fcr die Inhalte externer Links. F\u00fcr den Inhalt der verlinkten Seiten sind ausschlie\u00dflich deren Betreiber verantwortlich.<\/p>\n","protected":false},"author":1,"featured_media":0,"parent":0,"menu_order":9,"comment_status":"closed","ping_status":"closed","template":"","meta":{"footnotes":""},"class_list":["post-15","page","type-page","status-publish","hentry"],"_links":{"self":[{"href":"https:\/\/gasthaus-steinbeck.de\/index.php?rest_route=\/wp\/v2\/pages\/15","targetHints":{"allow":["GET"]}}],"collection":[{"href":"https:\/\/gasthaus-steinbeck.de\/index.php?rest_route=\/wp\/v2\/pages"}],"about":[{"href":"https:\/\/gasthaus-steinbeck.de\/index.php?rest_route=\/wp\/v2\/types\/page"}],"author":[{"embeddable":true,"href":"https:\/\/gasthaus-steinbeck.de\/index.php?rest_route=\/wp\/v2\/users\/1"}],"replies":[{"embeddable":true,"href":"https:\/\/gasthaus-steinbeck.de\/index.php?rest_route=%2Fwp%2Fv2%2Fcomments&post=15"}],"version-history":[{"count":5,"href":"https:\/\/gasthaus-steinbeck.de\/index.php?rest_route=\/wp\/v2\/pages\/15\/revisions"}],"predecessor-version":[{"id":286,"href":"https:\/\/gasthaus-steinbeck.de\/index.php?rest_route=\/wp\/v2\/pages\/15\/revisions\/286"}],"wp:attachment":[{"href":"https:\/\/gasthaus-steinbeck.de\/index.php?rest_route=%2Fwp%2Fv2%2Fmedia&parent=15"}],"curies":[{"name":"wp","href":"https:\/\/api.w.org\/{rel}","templated":true}]}}