{"id":114,"date":"2019-05-16T15:43:41","date_gmt":"2019-05-16T15:43:41","guid":{"rendered":"http:\/\/gasthaus-steinbeck.de\/?page_id=114"},"modified":"2025-05-06T07:40:01","modified_gmt":"2025-05-06T07:40:01","slug":"bayrische-brotzeiten","status":"publish","type":"page","link":"https:\/\/gasthaus-steinbeck.de\/?page_id=114","title":{"rendered":"Bayrische Brotzeiten"},"content":{"rendered":"\n\n\n<figure class=\"wp-block-table\">\n<table style=\"width: 100%;\">\n<tbody>\n<tr>\n<td style=\"width: 87.7381%; height: 69px;\">\n<h2><em><span style=\"color: #008000;\">Wos gegen den Hunger<\/span><\/em><\/h2>\n<\/td>\n<td style=\"width: 14.2857%; height: 69px; text-align: right;\">\u00a0<\/td>\n<\/tr>\n<tr style=\"height: 118px;\">\n<td style=\"width: 87.7381%; height: 118px;\">\n<p><span style=\"color: #008000;\"><strong>Brotzeitbrett`l<\/strong><\/span><\/p>\n<p>Ger\u00e4uchertes, Streichwurst, K\u00e4se, Pressack, hausgemachter Obatzter, Butter und Holzofenbrot<\/p>\n<\/td>\n<td style=\"width: 14.2857%; height: 118px; text-align: right;\">12,90 \u20ac<\/td>\n<\/tr>\n<tr style=\"height: 118px;\">\n<td style=\"width: 87.7381%; height: 118px;\">\n<p><strong><span style=\"color: #008000;\">K\u00e4sebrett`l<\/span><\/strong><\/p>\n<p>Emmentaler, Gr\u00fcnl\u00e4nder, Camembert, hausgemachter Obatzter, Butter und Holzofenbrot<\/p>\n<\/td>\n<td style=\"width: 14.2857%; height: 118px; text-align: right;\">11,90 \u20ac<\/td>\n<\/tr>\n<tr style=\"height: 115px;\">\n<td style=\"width: 87.7381%; height: 115px;\">\n<p><strong><span style=\"color: #008000;\">Dreierlei Aufstriche<\/span><\/strong><\/p>\nhausgemachter Obatzter, Schnittlauch und Schinkenaufstrich\u00a0 mit Holzofenbrot und Salatgarnitur<\/td>\n<td style=\"width: 14.2857%; height: 115px; text-align: right;\">11,90 \u20ac<\/td>\n<\/tr>\n<tr>\n<td style=\"width: 87.7381%;\">\n<p><strong><span style=\"color: #008000;\">Zweierlei<\/span><\/strong><\/p>\n<p>hausgemachter Obatzter und Schnittlauchaufstrich mit Holzofenbrot und Salatgarnitur<\/p>\n<\/td>\n<td style=\"width: 14.2857%; text-align: right;\">9,90 \u20ac\u00a0<\/td>\n<\/tr>\n<tr style=\"height: 118px;\">\n<td style=\"width: 87.7381%; height: 118px;\">\n<p><strong><span style=\"color: #008000;\">Schweizer Wurstsalat<\/span><\/strong><\/p>\n<p>Regensburger Wurst mit K\u00e4se, Zwiebel und Holzofenbrot<\/p>\n<\/td>\n<td style=\"width: 14.2857%; height: 118px; text-align: right;\">11,40 \u20ac<\/td>\n<\/tr>\n<tr style=\"height: 118px;\">\n<td style=\"width: 87.7381%; height: 118px;\">\n<p><strong><span style=\"color: #008000;\">Bayrischer Wurstsalat<\/span><\/strong><\/p>\n<p>Regensburger Wurst mit Zwiebel und Holzofenbrot<\/p>\n<\/td>\n<td style=\"width: 14.2857%; height: 118px; text-align: right;\">10,90 \u20ac<\/td>\n<\/tr>\n<tr style=\"height: 118px;\">\n<td style=\"width: 87.7381%; height: 118px;\">\n<p><strong><span style=\"color: #008000;\">Presssack sauer<\/span><\/strong><\/p>\n<p>Presssack rot \/ wei\u00df mit Zwiebel und Holzofenbrot<\/p>\n<\/td>\n<td style=\"width: 14.2857%; height: 118px; text-align: right;\">9,40 \u20ac<\/td>\n<\/tr>\n<tr style=\"height: 118px;\">\n<td style=\"width: 87.7381%; height: 118px;\">\n<p><strong><span style=\"color: #008000;\">Bauernbratwurst<\/span><\/strong><\/p>\n<p>mit Sauerkraut und Holzofenbrot<\/p>\n<\/td>\n<td style=\"width: 14.2857%; height: 118px; text-align: right;\">10,90 \u20ac<\/td>\n<\/tr>\n<tr style=\"height: 23px;\">\n<td style=\"width: 87.7381%; height: 23px;\"><strong><span style=\"color: #008000;\">Portion Pommes<\/span><\/strong><\/td>\n<td style=\"width: 14.2857%; height: 23px; text-align: right;\">4,50 \u20ac<\/td>\n<\/tr>\n<tr style=\"height: 23px;\">\n<td style=\"width: 87.7381%; height: 23px;\">\u00a0<\/td>\n<td style=\"width: 14.2857%; height: 23px;\">\u00a0<\/td>\n<\/tr>\n<\/tbody>\n<\/table>\n<\/figure>\n","protected":false},"excerpt":{"rendered":"<p>Wos gegen den Hunger \u00a0 Brotzeitbrett`l Ger\u00e4uchertes, Streichwurst, K\u00e4se, Pressack, hausgemachter Obatzter, Butter und Holzofenbrot 12,90 \u20ac K\u00e4sebrett`l Emmentaler, Gr\u00fcnl\u00e4nder, Camembert, hausgemachter Obatzter, Butter und Holzofenbrot 11,90 \u20ac Dreierlei Aufstriche hausgemachter Obatzter, Schnittlauch und Schinkenaufstrich\u00a0 mit Holzofenbrot und Salatgarnitur 11,90 \u20ac Zweierlei hausgemachter Obatzter und Schnittlauchaufstrich mit Holzofenbrot und Salatgarnitur 9,90 \u20ac\u00a0 Schweizer Wurstsalat Regensburger [&hellip;]<\/p>\n","protected":false},"author":1,"featured_media":0,"parent":0,"menu_order":7,"comment_status":"closed","ping_status":"closed","template":"","meta":{"footnotes":""},"class_list":["post-114","page","type-page","status-publish","hentry"],"_links":{"self":[{"href":"https:\/\/gasthaus-steinbeck.de\/index.php?rest_route=\/wp\/v2\/pages\/114","targetHints":{"allow":["GET"]}}],"collection":[{"href":"https:\/\/gasthaus-steinbeck.de\/index.php?rest_route=\/wp\/v2\/pages"}],"about":[{"href":"https:\/\/gasthaus-steinbeck.de\/index.php?rest_route=\/wp\/v2\/types\/page"}],"author":[{"embeddable":true,"href":"https:\/\/gasthaus-steinbeck.de\/index.php?rest_route=\/wp\/v2\/users\/1"}],"replies":[{"embeddable":true,"href":"https:\/\/gasthaus-steinbeck.de\/index.php?rest_route=%2Fwp%2Fv2%2Fcomments&post=114"}],"version-history":[{"count":12,"href":"https:\/\/gasthaus-steinbeck.de\/index.php?rest_route=\/wp\/v2\/pages\/114\/revisions"}],"predecessor-version":[{"id":303,"href":"https:\/\/gasthaus-steinbeck.de\/index.php?rest_route=\/wp\/v2\/pages\/114\/revisions\/303"}],"wp:attachment":[{"href":"https:\/\/gasthaus-steinbeck.de\/index.php?rest_route=%2Fwp%2Fv2%2Fmedia&parent=114"}],"curies":[{"name":"wp","href":"https:\/\/api.w.org\/{rel}","templated":true}]}}